{"id":543,"date":"2020-10-07T10:38:24","date_gmt":"2020-10-07T10:38:24","guid":{"rendered":"https:\/\/qi1.qodeinteractive.com\/?page_id=543"},"modified":"2020-10-07T10:38:24","modified_gmt":"2020-10-07T10:38:24","slug":"blog-list","status":"publish","type":"page","link":"https:\/\/paillettesgraphiques.fr\/index.php\/blog-list\/","title":{"rendered":"Blog List"},"content":{"rendered":"\t\t<div data-elementor-type=\"wp-page\" data-elementor-id=\"543\" class=\"elementor elementor-543\">\n\t\t\t\t\t\t<section class=\"elementor-section elementor-top-section elementor-element elementor-element-d404838 elementor-section-boxed elementor-section-height-default elementor-section-height-default qodef-elementor-content-no\" data-id=\"d404838\" data-element_type=\"section\">\n\t\t\t\t\t\t<div class=\"elementor-container elementor-column-gap-default\">\n\t\t\t\t\t<div class=\"elementor-column elementor-col-100 elementor-top-column elementor-element elementor-element-5bc1a66\" data-id=\"5bc1a66\" data-element_type=\"column\">\n\t\t\t<div class=\"elementor-widget-wrap elementor-element-populated\">\n\t\t\t\t\t\t<div class=\"elementor-element elementor-element-d2b98a3 elementor-widget elementor-widget-qi_addons_for_elementor_blog_list\" data-id=\"d2b98a3\" data-element_type=\"widget\" data-widget_type=\"qi_addons_for_elementor_blog_list.default\">\n\t\t\t\t<div class=\"elementor-widget-container\">\n\t\t\t\t\t<div class=\"qodef-shortcode qodef-m qodef-addons-blog-list qodef--list qodef-info-no-icons qodef-image--hover-zoom qodef-qi-grid qodef-layout--qi-columns qodef-col-num--1 qodef-item-layout--standard qodef-responsive--predefined\" >\n\t<div class=\"qodef-grid-inner\">\n\t\t<p class=\"qodef-m-posts-not-found qodef-grid-item\">Aucun article n\u2019a \u00e9t\u00e9 trouv\u00e9 pour les param\u00e8tres de requ\u00eate fournis.<\/p>\n\t<\/div>\n\t<\/div>\n\t\t\t\t<\/div>\n\t\t\t\t<\/div>\n\t\t\t\t<div class=\"elementor-element elementor-element-93dfbc3 elementor-widget elementor-widget-qode_essential_addons_blog_list\" data-id=\"93dfbc3\" data-element_type=\"widget\" data-widget_type=\"qode_essential_addons_blog_list.default\">\n\t\t\t\t<div class=\"elementor-widget-container\">\n\t\t\t\t\t<div class=\"qodef-shortcode qodef-m  qodef-blog-shortcode qodef--list qodef-item-layout--standard  qodef-grid qodef-layout--columns  qodef-gutter--huge qodef-col-num--1  qodef-item-layout--standard qodef-responsive--predefined\" >\n\t<div class=\"qodef-grid-inner\">\n\t\t<p class=\"qodef-m-posts-not-found qodef-grid-item\">No posts were found for provided query parameters.<\/p>\n\t<\/div>\n\t<\/div>\n\t\t\t\t<\/div>\n\t\t\t\t<\/div>\n\t\t\t\t\t<\/div>\n\t\t<\/div>\n\t\t\t\t\t<\/div>\n\t\t<\/section>\n\t\t\t\t<\/div>\n\t\t","protected":false},"excerpt":{"rendered":"<p>October 7, 2020 Space Urban outfitters Proin gravida nibh vel velit auctor aliquet. Aenean sollicitudin, lorem quis bibendum auctor, nisi consequat ipsum, sagittis dolor sit amet, consectetur adipiscing elit. In ut ullamcorper leo, eget euismod orci. Cum sociis natoque magnis parturiemontes, nascetur ridiculus mus. Vestibulum ultricies aliquam convallis. Maecenas ut tellus mi. lectus volutpat mattis,metus [&hellip;]<\/p>\n","protected":false},"author":1,"featured_media":0,"parent":0,"menu_order":0,"comment_status":"closed","ping_status":"closed","template":"qi-full-width.php","meta":{"_monsterinsights_skip_tracking":false,"_monsterinsights_sitenote_active":false,"_monsterinsights_sitenote_note":"","_monsterinsights_sitenote_category":0,"footnotes":""},"class_list":["post-543","page","type-page","status-publish","hentry"],"yoast_head":"<!-- This site is optimized with the Yoast SEO plugin v25.5 - https:\/\/yoast.com\/wordpress\/plugins\/seo\/ -->\n<title>Blog List - paillettesgraphiques.fr<\/title>\n<meta name=\"robots\" content=\"index, follow, max-snippet:-1, max-image-preview:large, max-video-preview:-1\" \/>\n<link rel=\"canonical\" href=\"https:\/\/paillettesgraphiques.fr\/index.php\/blog-list\/\" \/>\n<meta property=\"og:locale\" content=\"fr_FR\" \/>\n<meta property=\"og:type\" content=\"article\" \/>\n<meta property=\"og:title\" content=\"Blog List - paillettesgraphiques.fr\" \/>\n<meta property=\"og:description\" content=\"October 7, 2020 Space Urban outfitters Proin gravida nibh vel velit auctor aliquet. Aenean sollicitudin, lorem quis bibendum auctor, nisi consequat ipsum, sagittis dolor sit amet, consectetur adipiscing elit. In ut ullamcorper leo, eget euismod orci. Cum sociis natoque magnis parturiemontes, nascetur ridiculus mus. Vestibulum ultricies aliquam convallis. Maecenas ut tellus mi. lectus volutpat mattis,metus [&hellip;]\" \/>\n<meta property=\"og:url\" content=\"https:\/\/paillettesgraphiques.fr\/index.php\/blog-list\/\" \/>\n<meta property=\"og:site_name\" content=\"paillettesgraphiques.fr\" \/>\n<meta property=\"og:image\" content=\"https:\/\/qi1.qodeinteractive.com\/wp-content\/uploads\/2020\/10\/blog-img-5.jpg\" \/>\n<meta name=\"twitter:card\" content=\"summary_large_image\" \/>\n<meta name=\"twitter:label1\" content=\"Dur\u00e9e de lecture estim\u00e9e\" \/>\n\t<meta name=\"twitter:data1\" content=\"3 minutes\" \/>\n<script type=\"application\/ld+json\" class=\"yoast-schema-graph\">{\"@context\":\"https:\/\/schema.org\",\"@graph\":[{\"@type\":\"WebPage\",\"@id\":\"https:\/\/paillettesgraphiques.fr\/index.php\/blog-list\/\",\"url\":\"https:\/\/paillettesgraphiques.fr\/index.php\/blog-list\/\",\"name\":\"Blog List - paillettesgraphiques.fr\",\"isPartOf\":{\"@id\":\"https:\/\/paillettesgraphiques.fr\/#website\"},\"primaryImageOfPage\":{\"@id\":\"https:\/\/paillettesgraphiques.fr\/index.php\/blog-list\/#primaryimage\"},\"image\":{\"@id\":\"https:\/\/paillettesgraphiques.fr\/index.php\/blog-list\/#primaryimage\"},\"thumbnailUrl\":\"https:\/\/qi1.qodeinteractive.com\/wp-content\/uploads\/2020\/10\/blog-img-5.jpg\",\"datePublished\":\"2020-10-07T10:38:24+00:00\",\"breadcrumb\":{\"@id\":\"https:\/\/paillettesgraphiques.fr\/index.php\/blog-list\/#breadcrumb\"},\"inLanguage\":\"fr-FR\",\"potentialAction\":[{\"@type\":\"ReadAction\",\"target\":[\"https:\/\/paillettesgraphiques.fr\/index.php\/blog-list\/\"]}]},{\"@type\":\"ImageObject\",\"inLanguage\":\"fr-FR\",\"@id\":\"https:\/\/paillettesgraphiques.fr\/index.php\/blog-list\/#primaryimage\",\"url\":\"https:\/\/qi1.qodeinteractive.com\/wp-content\/uploads\/2020\/10\/blog-img-5.jpg\",\"contentUrl\":\"https:\/\/qi1.qodeinteractive.com\/wp-content\/uploads\/2020\/10\/blog-img-5.jpg\"},{\"@type\":\"BreadcrumbList\",\"@id\":\"https:\/\/paillettesgraphiques.fr\/index.php\/blog-list\/#breadcrumb\",\"itemListElement\":[{\"@type\":\"ListItem\",\"position\":1,\"name\":\"Home\",\"item\":\"https:\/\/paillettesgraphiques.fr\/\"},{\"@type\":\"ListItem\",\"position\":2,\"name\":\"Blog List\"}]},{\"@type\":\"WebSite\",\"@id\":\"https:\/\/paillettesgraphiques.fr\/#website\",\"url\":\"https:\/\/paillettesgraphiques.fr\/\",\"name\":\"paillettesgraphiques.fr\",\"description\":\"Studio graphique optimiste et engag\u00e9, pour la cr\u00e9ation de logos, identit\u00e9 visuelles, illustration et supports de communication\",\"publisher\":{\"@id\":\"https:\/\/paillettesgraphiques.fr\/#\/schema\/person\/50549484803227b01c46b3c0bf3a88ac\"},\"potentialAction\":[{\"@type\":\"SearchAction\",\"target\":{\"@type\":\"EntryPoint\",\"urlTemplate\":\"https:\/\/paillettesgraphiques.fr\/?s={search_term_string}\"},\"query-input\":{\"@type\":\"PropertyValueSpecification\",\"valueRequired\":true,\"valueName\":\"search_term_string\"}}],\"inLanguage\":\"fr-FR\"},{\"@type\":[\"Person\",\"Organization\"],\"@id\":\"https:\/\/paillettesgraphiques.fr\/#\/schema\/person\/50549484803227b01c46b3c0bf3a88ac\",\"name\":\"blandine\",\"image\":{\"@type\":\"ImageObject\",\"inLanguage\":\"fr-FR\",\"@id\":\"https:\/\/paillettesgraphiques.fr\/#\/schema\/person\/image\/\",\"url\":\"https:\/\/paillettesgraphiques.fr\/wp-content\/uploads\/2022\/11\/cropped-logo-long.png\",\"contentUrl\":\"https:\/\/paillettesgraphiques.fr\/wp-content\/uploads\/2022\/11\/cropped-logo-long.png\",\"width\":2310,\"height\":376,\"caption\":\"blandine\"},\"logo\":{\"@id\":\"https:\/\/paillettesgraphiques.fr\/#\/schema\/person\/image\/\"},\"sameAs\":[\"http:\/\/paillettesgraphiques.fr\"]}]}<\/script>\n<!-- \/ Yoast SEO plugin. -->","yoast_head_json":{"title":"Blog List - paillettesgraphiques.fr","robots":{"index":"index","follow":"follow","max-snippet":"max-snippet:-1","max-image-preview":"max-image-preview:large","max-video-preview":"max-video-preview:-1"},"canonical":"https:\/\/paillettesgraphiques.fr\/index.php\/blog-list\/","og_locale":"fr_FR","og_type":"article","og_title":"Blog List - paillettesgraphiques.fr","og_description":"October 7, 2020 Space Urban outfitters Proin gravida nibh vel velit auctor aliquet. Aenean sollicitudin, lorem quis bibendum auctor, nisi consequat ipsum, sagittis dolor sit amet, consectetur adipiscing elit. In ut ullamcorper leo, eget euismod orci. Cum sociis natoque magnis parturiemontes, nascetur ridiculus mus. Vestibulum ultricies aliquam convallis. Maecenas ut tellus mi. lectus volutpat mattis,metus [&hellip;]","og_url":"https:\/\/paillettesgraphiques.fr\/index.php\/blog-list\/","og_site_name":"paillettesgraphiques.fr","og_image":[{"url":"https:\/\/qi1.qodeinteractive.com\/wp-content\/uploads\/2020\/10\/blog-img-5.jpg","type":"","width":"","height":""}],"twitter_card":"summary_large_image","twitter_misc":{"Dur\u00e9e de lecture estim\u00e9e":"3 minutes"},"schema":{"@context":"https:\/\/schema.org","@graph":[{"@type":"WebPage","@id":"https:\/\/paillettesgraphiques.fr\/index.php\/blog-list\/","url":"https:\/\/paillettesgraphiques.fr\/index.php\/blog-list\/","name":"Blog List - paillettesgraphiques.fr","isPartOf":{"@id":"https:\/\/paillettesgraphiques.fr\/#website"},"primaryImageOfPage":{"@id":"https:\/\/paillettesgraphiques.fr\/index.php\/blog-list\/#primaryimage"},"image":{"@id":"https:\/\/paillettesgraphiques.fr\/index.php\/blog-list\/#primaryimage"},"thumbnailUrl":"https:\/\/qi1.qodeinteractive.com\/wp-content\/uploads\/2020\/10\/blog-img-5.jpg","datePublished":"2020-10-07T10:38:24+00:00","breadcrumb":{"@id":"https:\/\/paillettesgraphiques.fr\/index.php\/blog-list\/#breadcrumb"},"inLanguage":"fr-FR","potentialAction":[{"@type":"ReadAction","target":["https:\/\/paillettesgraphiques.fr\/index.php\/blog-list\/"]}]},{"@type":"ImageObject","inLanguage":"fr-FR","@id":"https:\/\/paillettesgraphiques.fr\/index.php\/blog-list\/#primaryimage","url":"https:\/\/qi1.qodeinteractive.com\/wp-content\/uploads\/2020\/10\/blog-img-5.jpg","contentUrl":"https:\/\/qi1.qodeinteractive.com\/wp-content\/uploads\/2020\/10\/blog-img-5.jpg"},{"@type":"BreadcrumbList","@id":"https:\/\/paillettesgraphiques.fr\/index.php\/blog-list\/#breadcrumb","itemListElement":[{"@type":"ListItem","position":1,"name":"Home","item":"https:\/\/paillettesgraphiques.fr\/"},{"@type":"ListItem","position":2,"name":"Blog List"}]},{"@type":"WebSite","@id":"https:\/\/paillettesgraphiques.fr\/#website","url":"https:\/\/paillettesgraphiques.fr\/","name":"paillettesgraphiques.fr","description":"Studio graphique optimiste et engag\u00e9, pour la cr\u00e9ation de logos, identit\u00e9 visuelles, illustration et supports de communication","publisher":{"@id":"https:\/\/paillettesgraphiques.fr\/#\/schema\/person\/50549484803227b01c46b3c0bf3a88ac"},"potentialAction":[{"@type":"SearchAction","target":{"@type":"EntryPoint","urlTemplate":"https:\/\/paillettesgraphiques.fr\/?s={search_term_string}"},"query-input":{"@type":"PropertyValueSpecification","valueRequired":true,"valueName":"search_term_string"}}],"inLanguage":"fr-FR"},{"@type":["Person","Organization"],"@id":"https:\/\/paillettesgraphiques.fr\/#\/schema\/person\/50549484803227b01c46b3c0bf3a88ac","name":"blandine","image":{"@type":"ImageObject","inLanguage":"fr-FR","@id":"https:\/\/paillettesgraphiques.fr\/#\/schema\/person\/image\/","url":"https:\/\/paillettesgraphiques.fr\/wp-content\/uploads\/2022\/11\/cropped-logo-long.png","contentUrl":"https:\/\/paillettesgraphiques.fr\/wp-content\/uploads\/2022\/11\/cropped-logo-long.png","width":2310,"height":376,"caption":"blandine"},"logo":{"@id":"https:\/\/paillettesgraphiques.fr\/#\/schema\/person\/image\/"},"sameAs":["http:\/\/paillettesgraphiques.fr"]}]}},"_links":{"self":[{"href":"https:\/\/paillettesgraphiques.fr\/index.php\/wp-json\/wp\/v2\/pages\/543","targetHints":{"allow":["GET"]}}],"collection":[{"href":"https:\/\/paillettesgraphiques.fr\/index.php\/wp-json\/wp\/v2\/pages"}],"about":[{"href":"https:\/\/paillettesgraphiques.fr\/index.php\/wp-json\/wp\/v2\/types\/page"}],"author":[{"embeddable":true,"href":"https:\/\/paillettesgraphiques.fr\/index.php\/wp-json\/wp\/v2\/users\/1"}],"replies":[{"embeddable":true,"href":"https:\/\/paillettesgraphiques.fr\/index.php\/wp-json\/wp\/v2\/comments?post=543"}],"version-history":[{"count":0,"href":"https:\/\/paillettesgraphiques.fr\/index.php\/wp-json\/wp\/v2\/pages\/543\/revisions"}],"wp:attachment":[{"href":"https:\/\/paillettesgraphiques.fr\/index.php\/wp-json\/wp\/v2\/media?parent=543"}],"curies":[{"name":"wp","href":"https:\/\/api.w.org\/{rel}","templated":true}]}}